{"id":4915,"date":"2025-12-10T05:28:09","date_gmt":"2025-12-10T05:28:09","guid":{"rendered":"https:\/\/resources.theapaafrica.org\/tableau-de-bord-commun\/"},"modified":"2026-01-13T07:13:04","modified_gmt":"2026-01-13T07:13:04","slug":"tableau-de-bord-commun","status":"publish","type":"page","link":"https:\/\/resources.theapaafrica.org\/fr\/tableau-de-bord-commun\/","title":{"rendered":"Tableau de bord commun"},"content":{"rendered":"\t\t<div data-elementor-type=\"wp-page\" data-elementor-id=\"4915\" class=\"elementor elementor-4915 elementor-4767\" data-elementor-post-type=\"page\">\n\t\t\t\t\t\t<\/div>\n\t\t","protected":false},"excerpt":{"rendered":"<p>Mon tableau de bord Bienvenue, (Participant potentiel) Mes candidatures [user_journey_count] Mes favoris Vous n&rsquo;avez encore ajout\u00e9 aucune ressource \u00e0 vos favoris. Explorez nos ressources pour les sauvegarder et les consulter plus tard. D\u00e9couvrez nos voyages Explorez le centre de ressources Mon profil Mon tableau de bord Bienvenue, (Administrateur APA) Nombre total d&rsquo;utilisateurs 12 Voyages actifs [&hellip;]<\/p>\n","protected":false},"author":2,"featured_media":0,"parent":0,"menu_order":0,"comment_status":"closed","ping_status":"closed","template":"","meta":{"site-sidebar-layout":"no-sidebar","site-content-layout":"page-builder","ast-site-content-layout":"full-width-container","site-content-style":"default","site-sidebar-style":"default","ast-global-header-display":"","ast-banner-title-visibility":"","ast-main-header-display":"","ast-hfb-above-header-display":"","ast-hfb-below-header-display":"","ast-hfb-mobile-header-display":"","site-post-title":"","ast-breadcrumbs-content":"","ast-featured-img":"disabled","footer-sml-layout":"","ast-disable-related-posts":"","theme-transparent-header-meta":"","adv-header-id-meta":"","stick-header-meta":"","header-above-stick-meta":"","header-main-stick-meta":"","header-below-stick-meta":"","astra-migrate-meta-layouts":"default","ast-page-background-enabled":"default","ast-page-background-meta":{"desktop":{"background-color":"","background-image":"","background-repeat":"repeat","background-position":"center center","background-size":"auto","background-attachment":"scroll","background-type":"","background-media":"","overlay-type":"","overlay-color":"","overlay-opacity":"","overlay-gradient":""},"tablet":{"background-color":"","background-image":"","background-repeat":"repeat","background-position":"center center","background-size":"auto","background-attachment":"scroll","background-type":"","background-media":"","overlay-type":"","overlay-color":"","overlay-opacity":"","overlay-gradient":""},"mobile":{"background-color":"","background-image":"","background-repeat":"repeat","background-position":"center center","background-size":"auto","background-attachment":"scroll","background-type":"","background-media":"","overlay-type":"","overlay-color":"","overlay-opacity":"","overlay-gradient":""}},"ast-content-background-meta":{"desktop":{"background-color":"var(--ast-global-color-5)","background-image":"","background-repeat":"repeat","background-position":"center center","background-size":"auto","background-attachment":"scroll","background-type":"","background-media":"","overlay-type":"","overlay-color":"","overlay-opacity":"","overlay-gradient":""},"tablet":{"background-color":"var(--ast-global-color-5)","background-image":"","background-repeat":"repeat","background-position":"center center","background-size":"auto","background-attachment":"scroll","background-type":"","background-media":"","overlay-type":"","overlay-color":"","overlay-opacity":"","overlay-gradient":""},"mobile":{"background-color":"var(--ast-global-color-5)","background-image":"","background-repeat":"repeat","background-position":"center center","background-size":"auto","background-attachment":"scroll","background-type":"","background-media":"","overlay-type":"","overlay-color":"","overlay-opacity":"","overlay-gradient":""}},"footnotes":""},"class_list":["post-4915","page","type-page","status-publish","hentry"],"yoast_head":"<!-- This site is optimized with the Yoast SEO plugin v27.5 - https:\/\/yoast.com\/product\/yoast-seo-wordpress\/ -->\n<title>Tableau de bord commun - Les partenaires responsables de l&#039;Afrique<\/title>\n<meta name=\"robots\" content=\"index, follow, max-snippet:-1, max-image-preview:large, max-video-preview:-1\" \/>\n<link rel=\"canonical\" href=\"https:\/\/resources.theapaafrica.org\/fr\/tableau-de-bord-commun\/\" \/>\n<meta property=\"og:locale\" content=\"fr_FR\" \/>\n<meta property=\"og:type\" content=\"article\" \/>\n<meta property=\"og:title\" content=\"Tableau de bord commun - Les partenaires responsables de l&#039;Afrique\" \/>\n<meta property=\"og:description\" content=\"Mon tableau de bord Bienvenue, (Participant potentiel) Mes candidatures [user_journey_count] Mes favoris Vous n&rsquo;avez encore ajout\u00e9 aucune ressource \u00e0 vos favoris. Explorez nos ressources pour les sauvegarder et les consulter plus tard. D\u00e9couvrez nos voyages Explorez le centre de ressources Mon profil Mon tableau de bord Bienvenue, (Administrateur APA) Nombre total d&rsquo;utilisateurs 12 Voyages actifs [&hellip;]\" \/>\n<meta property=\"og:url\" content=\"https:\/\/resources.theapaafrica.org\/fr\/tableau-de-bord-commun\/\" \/>\n<meta property=\"og:site_name\" content=\"Les partenaires responsables de l&#039;Afrique\" \/>\n<meta property=\"article:modified_time\" content=\"2026-01-13T07:13:04+00:00\" \/>\n<meta name=\"twitter:card\" content=\"summary_large_image\" \/>\n<meta name=\"twitter:label1\" content=\"Dur\u00e9e de lecture estim\u00e9e\" \/>\n\t<meta name=\"twitter:data1\" content=\"1 minute\" \/>\n<script type=\"application\/ld+json\" class=\"yoast-schema-graph\">{\"@context\":\"https:\\\/\\\/schema.org\",\"@graph\":[{\"@type\":\"WebPage\",\"@id\":\"https:\\\/\\\/resources.theapaafrica.org\\\/fr\\\/tableau-de-bord-commun\\\/\",\"url\":\"https:\\\/\\\/resources.theapaafrica.org\\\/fr\\\/tableau-de-bord-commun\\\/\",\"name\":\"Tableau de bord commun - Les partenaires responsables de l'Afrique\",\"isPartOf\":{\"@id\":\"https:\\\/\\\/resources.theapaafrica.org\\\/fr\\\/#website\"},\"datePublished\":\"2025-12-10T05:28:09+00:00\",\"dateModified\":\"2026-01-13T07:13:04+00:00\",\"breadcrumb\":{\"@id\":\"https:\\\/\\\/resources.theapaafrica.org\\\/fr\\\/tableau-de-bord-commun\\\/#breadcrumb\"},\"inLanguage\":\"fr-FR\",\"potentialAction\":[{\"@type\":\"ReadAction\",\"target\":[\"https:\\\/\\\/resources.theapaafrica.org\\\/fr\\\/tableau-de-bord-commun\\\/\"]}]},{\"@type\":\"BreadcrumbList\",\"@id\":\"https:\\\/\\\/resources.theapaafrica.org\\\/fr\\\/tableau-de-bord-commun\\\/#breadcrumb\",\"itemListElement\":[{\"@type\":\"ListItem\",\"position\":1,\"name\":\"Home\",\"item\":\"https:\\\/\\\/resources.theapaafrica.org\\\/fr\\\/accueil-du-pole-numerique\\\/\"},{\"@type\":\"ListItem\",\"position\":2,\"name\":\"Tableau de bord commun\"}]},{\"@type\":\"WebSite\",\"@id\":\"https:\\\/\\\/resources.theapaafrica.org\\\/fr\\\/#website\",\"url\":\"https:\\\/\\\/resources.theapaafrica.org\\\/fr\\\/\",\"name\":\"Les partenaires responsables de l'Afrique\",\"description\":\"Instaurer la confiance, la responsabilit\u00e9 et l'impact\",\"publisher\":{\"@id\":\"https:\\\/\\\/resources.theapaafrica.org\\\/fr\\\/#organization\"},\"potentialAction\":[{\"@type\":\"SearchAction\",\"target\":{\"@type\":\"EntryPoint\",\"urlTemplate\":\"https:\\\/\\\/resources.theapaafrica.org\\\/fr\\\/?s={search_term_string}\"},\"query-input\":{\"@type\":\"PropertyValueSpecification\",\"valueRequired\":true,\"valueName\":\"search_term_string\"}}],\"inLanguage\":\"fr-FR\"},{\"@type\":\"Organization\",\"@id\":\"https:\\\/\\\/resources.theapaafrica.org\\\/fr\\\/#organization\",\"name\":\"Les partenaires responsables de l'Afrique\",\"url\":\"https:\\\/\\\/resources.theapaafrica.org\\\/fr\\\/\",\"logo\":{\"@type\":\"ImageObject\",\"inLanguage\":\"fr-FR\",\"@id\":\"https:\\\/\\\/resources.theapaafrica.org\\\/fr\\\/#\\\/schema\\\/logo\\\/image\\\/\",\"url\":\"https:\\\/\\\/resources.theapaafrica.org\\\/wp-content\\\/uploads\\\/APA-logo-300x71-1.png\",\"contentUrl\":\"https:\\\/\\\/resources.theapaafrica.org\\\/wp-content\\\/uploads\\\/APA-logo-300x71-1.png\",\"width\":300,\"height\":71,\"caption\":\"Les partenaires responsables de l'Afrique\"},\"image\":{\"@id\":\"https:\\\/\\\/resources.theapaafrica.org\\\/fr\\\/#\\\/schema\\\/logo\\\/image\\\/\"}}]}<\/script>\n<!-- \/ Yoast SEO plugin. -->","yoast_head_json":{"title":"Tableau de bord commun - Les partenaires responsables de l'Afrique","robots":{"index":"index","follow":"follow","max-snippet":"max-snippet:-1","max-image-preview":"max-image-preview:large","max-video-preview":"max-video-preview:-1"},"canonical":"https:\/\/resources.theapaafrica.org\/fr\/tableau-de-bord-commun\/","og_locale":"fr_FR","og_type":"article","og_title":"Tableau de bord commun - Les partenaires responsables de l'Afrique","og_description":"Mon tableau de bord Bienvenue, (Participant potentiel) Mes candidatures [user_journey_count] Mes favoris Vous n&rsquo;avez encore ajout\u00e9 aucune ressource \u00e0 vos favoris. Explorez nos ressources pour les sauvegarder et les consulter plus tard. D\u00e9couvrez nos voyages Explorez le centre de ressources Mon profil Mon tableau de bord Bienvenue, (Administrateur APA) Nombre total d&rsquo;utilisateurs 12 Voyages actifs [&hellip;]","og_url":"https:\/\/resources.theapaafrica.org\/fr\/tableau-de-bord-commun\/","og_site_name":"Les partenaires responsables de l'Afrique","article_modified_time":"2026-01-13T07:13:04+00:00","twitter_card":"summary_large_image","twitter_misc":{"Dur\u00e9e de lecture estim\u00e9e":"1 minute"},"schema":{"@context":"https:\/\/schema.org","@graph":[{"@type":"WebPage","@id":"https:\/\/resources.theapaafrica.org\/fr\/tableau-de-bord-commun\/","url":"https:\/\/resources.theapaafrica.org\/fr\/tableau-de-bord-commun\/","name":"Tableau de bord commun - Les partenaires responsables de l'Afrique","isPartOf":{"@id":"https:\/\/resources.theapaafrica.org\/fr\/#website"},"datePublished":"2025-12-10T05:28:09+00:00","dateModified":"2026-01-13T07:13:04+00:00","breadcrumb":{"@id":"https:\/\/resources.theapaafrica.org\/fr\/tableau-de-bord-commun\/#breadcrumb"},"inLanguage":"fr-FR","potentialAction":[{"@type":"ReadAction","target":["https:\/\/resources.theapaafrica.org\/fr\/tableau-de-bord-commun\/"]}]},{"@type":"BreadcrumbList","@id":"https:\/\/resources.theapaafrica.org\/fr\/tableau-de-bord-commun\/#breadcrumb","itemListElement":[{"@type":"ListItem","position":1,"name":"Home","item":"https:\/\/resources.theapaafrica.org\/fr\/accueil-du-pole-numerique\/"},{"@type":"ListItem","position":2,"name":"Tableau de bord commun"}]},{"@type":"WebSite","@id":"https:\/\/resources.theapaafrica.org\/fr\/#website","url":"https:\/\/resources.theapaafrica.org\/fr\/","name":"Les partenaires responsables de l'Afrique","description":"Instaurer la confiance, la responsabilit\u00e9 et l'impact","publisher":{"@id":"https:\/\/resources.theapaafrica.org\/fr\/#organization"},"potentialAction":[{"@type":"SearchAction","target":{"@type":"EntryPoint","urlTemplate":"https:\/\/resources.theapaafrica.org\/fr\/?s={search_term_string}"},"query-input":{"@type":"PropertyValueSpecification","valueRequired":true,"valueName":"search_term_string"}}],"inLanguage":"fr-FR"},{"@type":"Organization","@id":"https:\/\/resources.theapaafrica.org\/fr\/#organization","name":"Les partenaires responsables de l'Afrique","url":"https:\/\/resources.theapaafrica.org\/fr\/","logo":{"@type":"ImageObject","inLanguage":"fr-FR","@id":"https:\/\/resources.theapaafrica.org\/fr\/#\/schema\/logo\/image\/","url":"https:\/\/resources.theapaafrica.org\/wp-content\/uploads\/APA-logo-300x71-1.png","contentUrl":"https:\/\/resources.theapaafrica.org\/wp-content\/uploads\/APA-logo-300x71-1.png","width":300,"height":71,"caption":"Les partenaires responsables de l'Afrique"},"image":{"@id":"https:\/\/resources.theapaafrica.org\/fr\/#\/schema\/logo\/image\/"}}]}},"_links":{"self":[{"href":"https:\/\/resources.theapaafrica.org\/fr\/wp-json\/wp\/v2\/pages\/4915","targetHints":{"allow":["GET"]}}],"collection":[{"href":"https:\/\/resources.theapaafrica.org\/fr\/wp-json\/wp\/v2\/pages"}],"about":[{"href":"https:\/\/resources.theapaafrica.org\/fr\/wp-json\/wp\/v2\/types\/page"}],"author":[{"embeddable":true,"href":"https:\/\/resources.theapaafrica.org\/fr\/wp-json\/wp\/v2\/users\/2"}],"replies":[{"embeddable":true,"href":"https:\/\/resources.theapaafrica.org\/fr\/wp-json\/wp\/v2\/comments?post=4915"}],"version-history":[{"count":1,"href":"https:\/\/resources.theapaafrica.org\/fr\/wp-json\/wp\/v2\/pages\/4915\/revisions"}],"predecessor-version":[{"id":4916,"href":"https:\/\/resources.theapaafrica.org\/fr\/wp-json\/wp\/v2\/pages\/4915\/revisions\/4916"}],"wp:attachment":[{"href":"https:\/\/resources.theapaafrica.org\/fr\/wp-json\/wp\/v2\/media?parent=4915"}],"curies":[{"name":"wp","href":"https:\/\/api.w.org\/{rel}","templated":true}]}}