{"id":4843,"date":"2025-12-10T12:14:00","date_gmt":"2025-12-10T12:14:00","guid":{"rendered":"https:\/\/resources.theapaafrica.org\/tournee\/"},"modified":"2026-03-23T10:37:17","modified_gmt":"2026-03-23T10:37:17","slug":"tournee","status":"publish","type":"page","link":"https:\/\/resources.theapaafrica.org\/fr\/tournee\/","title":{"rendered":"Tourn\u00e9e"},"content":{"rendered":"\t\t<div data-elementor-type=\"wp-page\" data-elementor-id=\"4843\" class=\"elementor elementor-4843 elementor-4838\" data-elementor-post-type=\"page\">\n\t\t\t\t<div class=\"elementor-element elementor-element-322e844 e-con-full e-flex e-con e-parent\" data-id=\"322e844\" data-element_type=\"container\" data-e-type=\"container\" data-settings=\"{&quot;background_background&quot;:&quot;classic&quot;}\">\n\t\t\t\t<div class=\"elementor-element elementor-element-7fee7bf elementor--h-position-center elementor--v-position-middle elementor-arrows-position-inside elementor-pagination-position-inside elementor-widget elementor-widget-slides\" data-id=\"7fee7bf\" data-element_type=\"widget\" data-e-type=\"widget\" data-settings=\"{&quot;navigation&quot;:&quot;both&quot;,&quot;transition&quot;:&quot;slide&quot;,&quot;transition_speed&quot;:500}\" data-widget_type=\"slides.default\">\n\t\t\t\t\t\t\t\t\t\t<div class=\"elementor-slides-wrapper elementor-main-swiper swiper\" role=\"region\" aria-roledescription=\"carousel\" aria-label=\"Slides\" dir=\"ltr\" data-animation=\"\">\n\t\t\t\t<div class=\"swiper-wrapper elementor-slides\">\n\t\t\t\t\t\t\t\t\t\t<div class=\"elementor-repeater-item-913f971 swiper-slide\" role=\"group\" aria-roledescription=\"slide\"><div class=\"swiper-slide-bg\"><\/div><div class=\"swiper-slide-inner\" ><div class=\"swiper-slide-contents\"><h2 class=\"elementor-slide-heading\">Voyages africains organis\u00e9s<\/h2><p class=\"elementor-slide-description\"><p>Embarquez pour un voyage transformateur. Nos circuits sont m\u00e9ticuleusement con\u00e7us pour offrir des informations in\u00e9gal\u00e9es sur les affaires \u00e9thiques, l\u2019innovation sociale et le d\u00e9veloppement durable \u00e0 travers l\u2019Afrique.<\/p>\n<\/p><\/div><\/div><\/div>\t\t\t\t<\/div>\n\t\t\t\t\t\t\t<\/div>\n\t\t\t\t\t\t\t\t<\/div>\n\t\t\t\t<\/div>\n\t\t<div class=\"elementor-element elementor-element-24a4b00 e-flex e-con-boxed e-con e-parent\" data-id=\"24a4b00\" data-element_type=\"container\" data-e-type=\"container\" data-settings=\"{&quot;background_background&quot;:&quot;classic&quot;}\">\n\t\t\t\t\t<div class=\"e-con-inner\">\n\t\t<div class=\"elementor-element elementor-element-7c07218 e-con-full e-flex e-con e-child\" data-id=\"7c07218\" data-element_type=\"container\" data-e-type=\"container\">\n\t\t\t\t<div class=\"elementor-element elementor-element-a9252fe elementor-widget elementor-widget-shortcode\" data-id=\"a9252fe\" data-element_type=\"widget\" data-e-type=\"widget\" data-widget_type=\"shortcode.default\">\n\t\t\t\t\t\t\t<div class=\"elementor-shortcode\">\n    <div id=\"journeys-chat\" class=\"gemini-chatbox\">\n        <h4>Conseiller en voyages<\/h4>\n        <div id=\"journeys-messages\" class=\"messages\">\n            <div class=\"bot-message\">Bonjour ! Je peux vous aider \u00e0 trouver le parcours APA id\u00e9al. Pour commencer, pourriez-vous me parler un peu de vos centres d&#039;int\u00e9r\u00eat ? \u00cates-vous int\u00e9ress\u00e9 par la technologie, l&#039;agriculture, le leadership ou autre chose ?<\/div>\n        <\/div>\n        <div class=\"input-area\">\n            <input type=\"text\" id=\"journeys-user-input\" placeholder=\"Tapez votre message...\" \/>\n            <button id=\"journeys-send-btn\">Envoyer<\/button>\n        <\/div>\n    <\/div>\n\n    <script>\n        document.addEventListener('DOMContentLoaded', function() {\n            const sendBtn = document.getElementById('journeys-send-btn');\n            const input = document.getElementById('journeys-user-input');\n            const messages = document.getElementById('journeys-messages');\n\n            async function sendMessage() {\n                const userMsg = input.value.trim();\n                if (!userMsg) return;\n\n                messages.innerHTML += `<div class=\"user-message\">${userMsg}<\/div>`;\n                input.value = '';\n                messages.scrollTop = messages.scrollHeight;\n\n                const response = await fetch('https:\/\/resources.theapaafrica.org\/wp-admin\/admin-ajax.php', {\n                    method: 'POST',\n                    headers: {\n                        'Content-Type': 'application\/x-www-form-urlencoded'\n                    },\n                    body: new URLSearchParams({\n                        action: 'gemini_journeys_reply',\n                        message: userMsg\n                    })\n                });\n\n                const data = await response.json();\n                messages.innerHTML += `<div class=\"bot-message\">${data.reply}<\/div>`;\n                messages.scrollTop = messages.scrollHeight;\n            }\n\n            sendBtn.addEventListener('click', sendMessage);\n            input.addEventListener('keypress', e => {\n                if (e.key === 'Enter') sendMessage();\n            });\n        });\n    <\/script>\n\n<\/div>\n\t\t\t\t\t\t<\/div>\n\t\t\t\t<div class=\"elementor-element elementor-element-8e70994 elementor-widget elementor-widget-shortcode\" data-id=\"8e70994\" data-element_type=\"widget\" data-e-type=\"widget\" data-widget_type=\"shortcode.default\">\n\t\t\t\t\t\t\t<div class=\"elementor-shortcode\">\n    <div class=\"journeys-filter-wrapper\">\n        <div class=\"journeys-filters\">\n            <!-- Filters like search, destination, etc. -->\n            <input type=\"text\" id=\"journey-search\" placeholder=\"Rechercher des voyages...\">\n            <select id=\"filter-destination\">\n                <option value=\"\">Toutes les destinations<\/option>\n                <option value=\"ghana-fr\">Ghana<\/option><option value=\"kenya-fr\">Kenya<\/option><option value=\"rwanda-fr\">Rwanda<\/option>            <\/select>\n\n            <select id=\"filter-industry\">\n                <option value=\"\">Focus sur tous les secteurs<\/option>\n                <option value=\"agriculture-fr\">Agriculture<\/option><option value=\"direction\">Direction<\/option><option value=\"technologie\">Technologie<\/option>            <\/select>\n\n            <select id=\"filter-difficulty\">\n                <option value=\"\">Toutes les difficult\u00e9s<\/option>\n                <option value=\"aventuriere\">Aventuri\u00e8re<\/option><option value=\"explorateur\">Explorateur<\/option><option value=\"pionnier\">Pionnier<\/option>            <\/select>\n\n            <select id=\"filter-sort\">\n                <option value=\"\">Trier par<\/option>\n                <option value=\"price_low\">Prix \u200b\u200b: du plus bas au plus \u00e9lev\u00e9<\/option>\n                <option value=\"price_high\">Prix \u200b\u200b: du plus \u00e9lev\u00e9 au plus bas<\/option>\n                <option value=\"duration_short\">Dur\u00e9e : Courte \u00e0 longue<\/option>\n                <option value=\"duration_long\">Dur\u00e9e : Longue \u00e0 courte<\/option>\n            <\/select>\n        <\/div>\n\n        <!-- Directly display the posts without \"Loading...\" spinner -->\n        <div id=\"journeys-results\" class=\"journeys-posts\"\n            data-learn-more=\"Apprendre encore plus\"\n            data-apply-now=\"Postulez maintenant\"\n            data-no-results=\"Aucun trajet ne correspond \u00e0 vos crit\u00e8res.\">\n\n            <!-- Display initial posts via PHP -->\n                                <div class=\"journey-card\">\n                        <div class=\"journey-img\">\n                            <img fetchpriority=\"high\" decoding=\"async\" width=\"806\" height=\"453\" src=\"https:\/\/resources.theapaafrica.org\/wp-content\/uploads\/Sustainable-Agriculture-Immersion-in-Ghana.png\" class=\"attachment-full size-full wp-post-image\" alt=\"Sustainable Agriculture Immersion in Ghana\" srcset=\"https:\/\/resources.theapaafrica.org\/wp-content\/uploads\/Sustainable-Agriculture-Immersion-in-Ghana.png 806w, https:\/\/resources.theapaafrica.org\/wp-content\/uploads\/Sustainable-Agriculture-Immersion-in-Ghana-300x169.png 300w, https:\/\/resources.theapaafrica.org\/wp-content\/uploads\/Sustainable-Agriculture-Immersion-in-Ghana-768x432.png 768w\" sizes=\"(max-width: 806px) 100vw, 806px\" \/>                        <\/div>\n                        <div class=\"journey-content\">\n                            <h3 class=\"journey-h3-title\">Immersion dans l&rsquo;agriculture durable au Ghana<\/h3>\n                            <p>D\u00e9couvrez les techniques agricoles innovantes et le d\u00e9veloppement de la cha\u00eene de\u2026<\/p>\n                            <ul class=\"journey-meta\">\n                                <li><strong>Difficult\u00e9:<\/strong> Aventuri\u00e8re<\/li>\n                                <li><strong>Public cible:<\/strong> Professionnels de l&#039;agroalimentaire<\/li>\n                                <li><strong>Dur\u00e9e:<\/strong> 8 jours<\/li>\n                                <li><strong>Prix:<\/strong> 3000.00<\/li>\n                            <\/ul>\n                            <div class=\"journey-buttons\">\n                                <a href=\"https:\/\/resources.theapaafrica.org\/fr\/journeys\/immersion-dans-lagriculture-durable-au-ghana\/\" class=\"btn learn-more\">Apprendre encore plus<\/a>\n                                <!-- <a href=\"https:\/\/dev.theapaafrica.org\/journey-application\/\" class=\"btn apply-now\">Postulez maintenant<\/a> -->\n                                <a href=\"https:\/\/www.theapaafrica.org\/journey-application\/?our_journeys =Immersion+dans+l%26rsquo%3Bagriculture+durable+au+Ghana\"\n                                    class=\"btn apply-now\">\n                                    Postulez maintenant                                <\/a>\n                            <\/div>\n                        <\/div>\n                    <\/div>\n                                <div class=\"journey-card\">\n                        <div class=\"journey-img\">\n                            <img decoding=\"async\" width=\"806\" height=\"453\" src=\"https:\/\/resources.theapaafrica.org\/wp-content\/uploads\/Tech-Innovation-Tour-in-Rwanda.png\" class=\"attachment-full size-full wp-post-image\" alt=\"Tourn\u00e9e d&#039;innovation technologique au Rwanda\" srcset=\"https:\/\/resources.theapaafrica.org\/wp-content\/uploads\/Tech-Innovation-Tour-in-Rwanda.png 806w, https:\/\/resources.theapaafrica.org\/wp-content\/uploads\/Tech-Innovation-Tour-in-Rwanda-300x169.png 300w, https:\/\/resources.theapaafrica.org\/wp-content\/uploads\/Tech-Innovation-Tour-in-Rwanda-768x432.png 768w\" sizes=\"(max-width: 806px) 100vw, 806px\" \/>                        <\/div>\n                        <div class=\"journey-content\">\n                            <h3 class=\"journey-h3-title\">Tourn\u00e9e d&rsquo;innovation technologique au Rwanda<\/h3>\n                            <p>Explore Kigali&rsquo;s booming tech scene and learn about digital transformation in East\u2026<\/p>\n                            <ul class=\"journey-meta\">\n                                <li><strong>Difficult\u00e9:<\/strong> Explorateur<\/li>\n                                <li><strong>Public cible:<\/strong> Professionnels de la technologie<\/li>\n                                <li><strong>Dur\u00e9e:<\/strong> 7 jours<\/li>\n                                <li><strong>Prix:<\/strong> 3200.00<\/li>\n                            <\/ul>\n                            <div class=\"journey-buttons\">\n                                <a href=\"https:\/\/resources.theapaafrica.org\/fr\/journeys\/tournee-dinnovation-technologique-au-rwanda\/\" class=\"btn learn-more\">Apprendre encore plus<\/a>\n                                <!-- <a href=\"https:\/\/dev.theapaafrica.org\/journey-application\/\" class=\"btn apply-now\">Postulez maintenant<\/a> -->\n                                <a href=\"https:\/\/www.theapaafrica.org\/journey-application\/?our_journeys =Tourn%C3%A9e+d%26rsquo%3Binnovation+technologique+au+Rwanda\"\n                                    class=\"btn apply-now\">\n                                    Postulez maintenant                                <\/a>\n                            <\/div>\n                        <\/div>\n                    <\/div>\n                                <div class=\"journey-card\">\n                        <div class=\"journey-img\">\n                            <img decoding=\"async\" width=\"806\" height=\"453\" src=\"https:\/\/resources.theapaafrica.org\/wp-content\/uploads\/Ethical-Leadership-Safari-in-Kenya.png\" class=\"attachment-full size-full wp-post-image\" alt=\"Ethical Leadership Safari in Kenya\" srcset=\"https:\/\/resources.theapaafrica.org\/wp-content\/uploads\/Ethical-Leadership-Safari-in-Kenya.png 806w, https:\/\/resources.theapaafrica.org\/wp-content\/uploads\/Ethical-Leadership-Safari-in-Kenya-300x169.png 300w, https:\/\/resources.theapaafrica.org\/wp-content\/uploads\/Ethical-Leadership-Safari-in-Kenya-768x432.png 768w\" sizes=\"(max-width: 806px) 100vw, 806px\" \/>                        <\/div>\n                        <div class=\"journey-content\">\n                            <h3 class=\"journey-h3-title\">Safari de leadership \u00e9thique au Kenya<\/h3>\n                            <p>Plongez au c\u0153ur du Kenya avec notre Safari Leadership \u00c9thique. Ce circuit\u2026<\/p>\n                            <ul class=\"journey-meta\">\n                                <li><strong>Difficult\u00e9:<\/strong> Pionnier<\/li>\n                                <li><strong>Public cible:<\/strong> Entrepreneurs sociaux<\/li>\n                                <li><strong>Dur\u00e9e:<\/strong> 10 jours<\/li>\n                                <li><strong>Prix:<\/strong> 3500.00<\/li>\n                            <\/ul>\n                            <div class=\"journey-buttons\">\n                                <a href=\"https:\/\/resources.theapaafrica.org\/fr\/journeys\/safari-de-leadership-ethique-au-kenya\/\" class=\"btn learn-more\">Apprendre encore plus<\/a>\n                                <!-- <a href=\"https:\/\/dev.theapaafrica.org\/journey-application\/\" class=\"btn apply-now\">Postulez maintenant<\/a> -->\n                                <a href=\"https:\/\/www.theapaafrica.org\/journey-application\/?our_journeys =Safari+de+leadership+%C3%A9thique+au+Kenya\"\n                                    class=\"btn apply-now\">\n                                    Postulez maintenant                                <\/a>\n                            <\/div>\n                        <\/div>\n                    <\/div>\n                    <\/div>\n\n        <!-- Hide the loader initially -->\n        <div id=\"journeys-loader\" style=\"display:none;\">&nbsp;<\/div>\n    <\/div>\n\n    <\/div>\n\t\t\t\t\t\t<\/div>\n\t\t\t\t<\/div>\n\t\t\t\t\t<\/div>\n\t\t\t\t<\/div>\n\t\t\t\t<\/div>\n\t\t","protected":false},"excerpt":{"rendered":"<p>Voyages africains organis\u00e9s Embarquez pour un voyage transformateur. Nos circuits sont m\u00e9ticuleusement con\u00e7us pour offrir des informations in\u00e9gal\u00e9es sur les affaires \u00e9thiques, l\u2019innovation sociale et le d\u00e9veloppement durable \u00e0 travers l\u2019Afrique.<\/p>\n","protected":false},"author":2,"featured_media":0,"parent":0,"menu_order":0,"comment_status":"closed","ping_status":"closed","template":"","meta":{"site-sidebar-layout":"no-sidebar","site-content-layout":"page-builder","ast-site-content-layout":"full-width-container","site-content-style":"default","site-sidebar-style":"default","ast-global-header-display":"","ast-banner-title-visibility":"","ast-main-header-display":"","ast-hfb-above-header-display":"","ast-hfb-below-header-display":"","ast-hfb-mobile-header-display":"","site-post-title":"","ast-breadcrumbs-content":"","ast-featured-img":"disabled","footer-sml-layout":"","ast-disable-related-posts":"","theme-transparent-header-meta":"","adv-header-id-meta":"","stick-header-meta":"","header-above-stick-meta":"","header-main-stick-meta":"","header-below-stick-meta":"","astra-migrate-meta-layouts":"default","ast-page-background-enabled":"default","ast-page-background-meta":{"desktop":{"background-color":"","background-image":"","background-repeat":"repeat","background-position":"center center","background-size":"auto","background-attachment":"scroll","background-type":"","background-media":"","overlay-type":"","overlay-color":"","overlay-opacity":"","overlay-gradient":""},"tablet":{"background-color":"","background-image":"","background-repeat":"repeat","background-position":"center center","background-size":"auto","background-attachment":"scroll","background-type":"","background-media":"","overlay-type":"","overlay-color":"","overlay-opacity":"","overlay-gradient":""},"mobile":{"background-color":"","background-image":"","background-repeat":"repeat","background-position":"center center","background-size":"auto","background-attachment":"scroll","background-type":"","background-media":"","overlay-type":"","overlay-color":"","overlay-opacity":"","overlay-gradient":""}},"ast-content-background-meta":{"desktop":{"background-color":"var(--ast-global-color-5)","background-image":"","background-repeat":"repeat","background-position":"center center","background-size":"auto","background-attachment":"scroll","background-type":"","background-media":"","overlay-type":"","overlay-color":"","overlay-opacity":"","overlay-gradient":""},"tablet":{"background-color":"var(--ast-global-color-5)","background-image":"","background-repeat":"repeat","background-position":"center center","background-size":"auto","background-attachment":"scroll","background-type":"","background-media":"","overlay-type":"","overlay-color":"","overlay-opacity":"","overlay-gradient":""},"mobile":{"background-color":"var(--ast-global-color-5)","background-image":"","background-repeat":"repeat","background-position":"center center","background-size":"auto","background-attachment":"scroll","background-type":"","background-media":"","overlay-type":"","overlay-color":"","overlay-opacity":"","overlay-gradient":""}},"footnotes":""},"class_list":["post-4843","page","type-page","status-publish","hentry"],"yoast_head":"<!-- This site is optimized with the Yoast SEO plugin v27.3 - https:\/\/yoast.com\/product\/yoast-seo-wordpress\/ -->\n<title>Voyages africains sur mesure | Circuits \u00e9thiques, durables et enrichissants<\/title>\n<meta name=\"description\" content=\"Participez \u00e0 des voyages africains soigneusement s\u00e9lectionn\u00e9s, ax\u00e9s sur le commerce \u00e9thique, l&#039;innovation sociale et les exp\u00e9riences durables \u00e0 travers l&#039;Afrique.\" \/>\n<meta name=\"robots\" content=\"index, follow, max-snippet:-1, max-image-preview:large, max-video-preview:-1\" \/>\n<link rel=\"canonical\" href=\"https:\/\/resources.theapaafrica.org\/fr\/tournee\/\" \/>\n<meta property=\"og:locale\" content=\"fr_FR\" \/>\n<meta property=\"og:type\" content=\"article\" \/>\n<meta property=\"og:title\" content=\"Voyages africains sur mesure | Circuits \u00e9thiques, durables et enrichissants\" \/>\n<meta property=\"og:description\" content=\"Participez \u00e0 des voyages africains soigneusement s\u00e9lectionn\u00e9s, ax\u00e9s sur le commerce \u00e9thique, l&#039;innovation sociale et les exp\u00e9riences durables \u00e0 travers l&#039;Afrique.\" \/>\n<meta property=\"og:url\" content=\"https:\/\/resources.theapaafrica.org\/fr\/tournee\/\" \/>\n<meta property=\"og:site_name\" content=\"Les partenaires responsables de l&#039;Afrique\" \/>\n<meta property=\"article:modified_time\" content=\"2026-03-23T10:37:17+00:00\" \/>\n<meta name=\"twitter:card\" content=\"summary_large_image\" \/>\n<script type=\"application\/ld+json\" class=\"yoast-schema-graph\">{\"@context\":\"https:\\\/\\\/schema.org\",\"@graph\":[{\"@type\":\"WebPage\",\"@id\":\"https:\\\/\\\/resources.theapaafrica.org\\\/fr\\\/tournee\\\/\",\"url\":\"https:\\\/\\\/resources.theapaafrica.org\\\/fr\\\/tournee\\\/\",\"name\":\"Voyages africains sur mesure | Circuits \u00e9thiques, durables et enrichissants\",\"isPartOf\":{\"@id\":\"https:\\\/\\\/resources.theapaafrica.org\\\/fr\\\/#website\"},\"datePublished\":\"2025-12-10T12:14:00+00:00\",\"dateModified\":\"2026-03-23T10:37:17+00:00\",\"description\":\"Participez \u00e0 des voyages africains soigneusement s\u00e9lectionn\u00e9s, ax\u00e9s sur le commerce \u00e9thique, l'innovation sociale et les exp\u00e9riences durables \u00e0 travers l'Afrique.\",\"breadcrumb\":{\"@id\":\"https:\\\/\\\/resources.theapaafrica.org\\\/fr\\\/tournee\\\/#breadcrumb\"},\"inLanguage\":\"fr-FR\",\"potentialAction\":[{\"@type\":\"ReadAction\",\"target\":[\"https:\\\/\\\/resources.theapaafrica.org\\\/fr\\\/tournee\\\/\"]}]},{\"@type\":\"BreadcrumbList\",\"@id\":\"https:\\\/\\\/resources.theapaafrica.org\\\/fr\\\/tournee\\\/#breadcrumb\",\"itemListElement\":[{\"@type\":\"ListItem\",\"position\":1,\"name\":\"Home\",\"item\":\"https:\\\/\\\/resources.theapaafrica.org\\\/fr\\\/accueil-du-pole-numerique\\\/\"},{\"@type\":\"ListItem\",\"position\":2,\"name\":\"Tourn\u00e9e\"}]},{\"@type\":\"WebSite\",\"@id\":\"https:\\\/\\\/resources.theapaafrica.org\\\/fr\\\/#website\",\"url\":\"https:\\\/\\\/resources.theapaafrica.org\\\/fr\\\/\",\"name\":\"Les partenaires responsables de l'Afrique\",\"description\":\"Instaurer la confiance, la responsabilit\u00e9 et l'impact\",\"publisher\":{\"@id\":\"https:\\\/\\\/resources.theapaafrica.org\\\/fr\\\/#organization\"},\"potentialAction\":[{\"@type\":\"SearchAction\",\"target\":{\"@type\":\"EntryPoint\",\"urlTemplate\":\"https:\\\/\\\/resources.theapaafrica.org\\\/fr\\\/?s={search_term_string}\"},\"query-input\":{\"@type\":\"PropertyValueSpecification\",\"valueRequired\":true,\"valueName\":\"search_term_string\"}}],\"inLanguage\":\"fr-FR\"},{\"@type\":\"Organization\",\"@id\":\"https:\\\/\\\/resources.theapaafrica.org\\\/fr\\\/#organization\",\"name\":\"Les partenaires responsables de l'Afrique\",\"url\":\"https:\\\/\\\/resources.theapaafrica.org\\\/fr\\\/\",\"logo\":{\"@type\":\"ImageObject\",\"inLanguage\":\"fr-FR\",\"@id\":\"https:\\\/\\\/resources.theapaafrica.org\\\/fr\\\/#\\\/schema\\\/logo\\\/image\\\/\",\"url\":\"https:\\\/\\\/resources.theapaafrica.org\\\/wp-content\\\/uploads\\\/APA-logo-300x71-1.png\",\"contentUrl\":\"https:\\\/\\\/resources.theapaafrica.org\\\/wp-content\\\/uploads\\\/APA-logo-300x71-1.png\",\"width\":300,\"height\":71,\"caption\":\"Les partenaires responsables de l'Afrique\"},\"image\":{\"@id\":\"https:\\\/\\\/resources.theapaafrica.org\\\/fr\\\/#\\\/schema\\\/logo\\\/image\\\/\"}}]}<\/script>\n<!-- \/ Yoast SEO plugin. -->","yoast_head_json":{"title":"Voyages africains sur mesure | Circuits \u00e9thiques, durables et enrichissants","description":"Participez \u00e0 des voyages africains soigneusement s\u00e9lectionn\u00e9s, ax\u00e9s sur le commerce \u00e9thique, l'innovation sociale et les exp\u00e9riences durables \u00e0 travers l'Afrique.","robots":{"index":"index","follow":"follow","max-snippet":"max-snippet:-1","max-image-preview":"max-image-preview:large","max-video-preview":"max-video-preview:-1"},"canonical":"https:\/\/resources.theapaafrica.org\/fr\/tournee\/","og_locale":"fr_FR","og_type":"article","og_title":"Voyages africains sur mesure | Circuits \u00e9thiques, durables et enrichissants","og_description":"Participez \u00e0 des voyages africains soigneusement s\u00e9lectionn\u00e9s, ax\u00e9s sur le commerce \u00e9thique, l'innovation sociale et les exp\u00e9riences durables \u00e0 travers l'Afrique.","og_url":"https:\/\/resources.theapaafrica.org\/fr\/tournee\/","og_site_name":"Les partenaires responsables de l'Afrique","article_modified_time":"2026-03-23T10:37:17+00:00","twitter_card":"summary_large_image","schema":{"@context":"https:\/\/schema.org","@graph":[{"@type":"WebPage","@id":"https:\/\/resources.theapaafrica.org\/fr\/tournee\/","url":"https:\/\/resources.theapaafrica.org\/fr\/tournee\/","name":"Voyages africains sur mesure | Circuits \u00e9thiques, durables et enrichissants","isPartOf":{"@id":"https:\/\/resources.theapaafrica.org\/fr\/#website"},"datePublished":"2025-12-10T12:14:00+00:00","dateModified":"2026-03-23T10:37:17+00:00","description":"Participez \u00e0 des voyages africains soigneusement s\u00e9lectionn\u00e9s, ax\u00e9s sur le commerce \u00e9thique, l'innovation sociale et les exp\u00e9riences durables \u00e0 travers l'Afrique.","breadcrumb":{"@id":"https:\/\/resources.theapaafrica.org\/fr\/tournee\/#breadcrumb"},"inLanguage":"fr-FR","potentialAction":[{"@type":"ReadAction","target":["https:\/\/resources.theapaafrica.org\/fr\/tournee\/"]}]},{"@type":"BreadcrumbList","@id":"https:\/\/resources.theapaafrica.org\/fr\/tournee\/#breadcrumb","itemListElement":[{"@type":"ListItem","position":1,"name":"Home","item":"https:\/\/resources.theapaafrica.org\/fr\/accueil-du-pole-numerique\/"},{"@type":"ListItem","position":2,"name":"Tourn\u00e9e"}]},{"@type":"WebSite","@id":"https:\/\/resources.theapaafrica.org\/fr\/#website","url":"https:\/\/resources.theapaafrica.org\/fr\/","name":"Les partenaires responsables de l'Afrique","description":"Instaurer la confiance, la responsabilit\u00e9 et l'impact","publisher":{"@id":"https:\/\/resources.theapaafrica.org\/fr\/#organization"},"potentialAction":[{"@type":"SearchAction","target":{"@type":"EntryPoint","urlTemplate":"https:\/\/resources.theapaafrica.org\/fr\/?s={search_term_string}"},"query-input":{"@type":"PropertyValueSpecification","valueRequired":true,"valueName":"search_term_string"}}],"inLanguage":"fr-FR"},{"@type":"Organization","@id":"https:\/\/resources.theapaafrica.org\/fr\/#organization","name":"Les partenaires responsables de l'Afrique","url":"https:\/\/resources.theapaafrica.org\/fr\/","logo":{"@type":"ImageObject","inLanguage":"fr-FR","@id":"https:\/\/resources.theapaafrica.org\/fr\/#\/schema\/logo\/image\/","url":"https:\/\/resources.theapaafrica.org\/wp-content\/uploads\/APA-logo-300x71-1.png","contentUrl":"https:\/\/resources.theapaafrica.org\/wp-content\/uploads\/APA-logo-300x71-1.png","width":300,"height":71,"caption":"Les partenaires responsables de l'Afrique"},"image":{"@id":"https:\/\/resources.theapaafrica.org\/fr\/#\/schema\/logo\/image\/"}}]}},"_links":{"self":[{"href":"https:\/\/resources.theapaafrica.org\/fr\/wp-json\/wp\/v2\/pages\/4843","targetHints":{"allow":["GET"]}}],"collection":[{"href":"https:\/\/resources.theapaafrica.org\/fr\/wp-json\/wp\/v2\/pages"}],"about":[{"href":"https:\/\/resources.theapaafrica.org\/fr\/wp-json\/wp\/v2\/types\/page"}],"author":[{"embeddable":true,"href":"https:\/\/resources.theapaafrica.org\/fr\/wp-json\/wp\/v2\/users\/2"}],"replies":[{"embeddable":true,"href":"https:\/\/resources.theapaafrica.org\/fr\/wp-json\/wp\/v2\/comments?post=4843"}],"version-history":[{"count":9,"href":"https:\/\/resources.theapaafrica.org\/fr\/wp-json\/wp\/v2\/pages\/4843\/revisions"}],"predecessor-version":[{"id":4997,"href":"https:\/\/resources.theapaafrica.org\/fr\/wp-json\/wp\/v2\/pages\/4843\/revisions\/4997"}],"wp:attachment":[{"href":"https:\/\/resources.theapaafrica.org\/fr\/wp-json\/wp\/v2\/media?parent=4843"}],"curies":[{"name":"wp","href":"https:\/\/api.w.org\/{rel}","templated":true}]}}