{"id":3623,"date":"2025-10-14T10:16:48","date_gmt":"2025-10-14T10:16:48","guid":{"rendered":"https:\/\/resources.theapaafrica.org\/resources\/"},"modified":"2026-03-30T10:09:01","modified_gmt":"2026-03-30T10:09:01","slug":"resources","status":"publish","type":"page","link":"https:\/\/resources.theapaafrica.org\/fr\/resources\/","title":{"rendered":"Ressources"},"content":{"rendered":"\t\t<div data-elementor-type=\"wp-page\" data-elementor-id=\"3623\" class=\"elementor elementor-3623 elementor-3498\" data-elementor-post-type=\"page\">\n\t\t\t\t<div class=\"elementor-element elementor-element-3fe392b0 e-con-full e-flex e-con e-parent\" data-id=\"3fe392b0\" data-element_type=\"container\" data-e-type=\"container\" id=\"home\" data-settings=\"{&quot;background_background&quot;:&quot;classic&quot;}\">\n\t\t\t\t<div class=\"elementor-element elementor-element-13091589 elementor--h-position-center elementor--v-position-middle elementor-arrows-position-inside elementor-pagination-position-inside elementor-widget elementor-widget-slides\" data-id=\"13091589\" data-element_type=\"widget\" data-e-type=\"widget\" data-settings=\"{&quot;navigation&quot;:&quot;both&quot;,&quot;transition&quot;:&quot;slide&quot;,&quot;transition_speed&quot;:500}\" data-widget_type=\"slides.default\">\n\t\t\t\t\t\t\t\t\t\t<div class=\"elementor-slides-wrapper elementor-main-swiper swiper\" role=\"region\" aria-roledescription=\"carousel\" aria-label=\"Slides\" dir=\"ltr\" data-animation=\"\">\n\t\t\t\t<div class=\"swiper-wrapper elementor-slides\">\n\t\t\t\t\t\t\t\t\t\t<div class=\"elementor-repeater-item-913f971 swiper-slide\" role=\"group\" aria-roledescription=\"slide\"><div class=\"swiper-slide-bg\"><\/div><div class=\"swiper-slide-inner\" ><div class=\"swiper-slide-contents\"><h1 class=\"elementor-slide-heading\">Informations et ressources exclusives<\/h1><p class=\"elementor-slide-description\"><p>Une biblioth\u00e8que organis\u00e9e d'articles d'experts, d'\u00e9tudes de cas et de rapports sur l'innovation sociale, l'investissement durable et les entreprises \u00e9thiques en Afrique.<\/p>\n<\/p><\/div><\/div><\/div>\t\t\t\t<\/div>\n\t\t\t\t\t\t\t<\/div>\n\t\t\t\t\t\t\t\t<\/div>\n\t\t\t\t<\/div>\n\t\t<div class=\"elementor-element elementor-element-5f6fd737 e-flex e-con-boxed e-con e-parent\" data-id=\"5f6fd737\" data-element_type=\"container\" data-e-type=\"container\" id=\"agribusiness\" data-settings=\"{&quot;background_background&quot;:&quot;classic&quot;}\">\n\t\t\t\t\t<div class=\"e-con-inner\">\n\t\t<div class=\"elementor-element elementor-element-42e1bac e-con-full e-flex e-con e-child\" data-id=\"42e1bac\" data-element_type=\"container\" data-e-type=\"container\">\n\t\t\t\t<div class=\"elementor-element elementor-element-abdc96a elementor-widget elementor-widget-shortcode\" data-id=\"abdc96a\" data-element_type=\"widget\" data-e-type=\"widget\" data-widget_type=\"shortcode.default\">\n\t\t\t\t\t\t\t<div class=\"elementor-shortcode\">\n    <div id=\"resources-filter\" class=\"resources-filter-wrapper\">\n\n        <div class=\"resources-filter-bar\">\n            <input type=\"text\" id=\"search\" placeholder=\"Recherche de ressources par mot-cl\u00e9...\" \/>\n\n            <select id=\"category\">\n                <option value=\"\">Filtrer par type<\/option>\n\n                <option value=\"article-fr\">Article<\/option><option value=\"etude-de-cas\">\u00c9tude de cas<\/option><option value=\"guide-fr\">Guide<\/option><option value=\"video-fr\">Vid\u00e9o<\/option>            <\/select>\n\n            <select id=\"tag\">\n                <option value=\"\">Filtrer par industrie<\/option>\n                <option value=\"cadre\">Cadre<\/option><option value=\"direction\">Direction<\/option><option value=\"entreprise-sociale\">Entreprise Sociale<\/option><option value=\"methodologie\">M\u00e9thodologie<\/option>            <\/select>\n\n            <select id=\"sort\">\n                <option value=\"ASC\">Le plus \u00e2g\u00e9 en premier<\/option>\n                <option value=\"DESC\">Le plus r\u00e9cent en premier<\/option>\n\n            <\/select>\n        <\/div>\n\n        <div id=\"resources-posts\" class=\"resources-posts\"><\/div>\n\n        <div id=\"resources-pagination\" class=\"resources-pagination\"><\/div>\n\n    <\/div>\n\n    <script>\n        jQuery(document).ready(function($) {\n\n            function fetch_resources(page = 1) {\n                var data = {\n                    action: 'load_resources',\n                    search: $('#search').val(),\n                    category: $('#category').val(),\n                    tag: $('#tag').val(),\n                    sort: $('#sort').val(),\n                    page: page\n                };\n\n                $.ajax({\n                    url: \"https:\/\/resources.theapaafrica.org\/wp-admin\/admin-ajax.php\",\n                    type: \"POST\",\n                    data: data,\n                    beforeSend: function() {\n                        $('#resources-posts').html('<p>Loading...<\/p>');\n                    },\n                    success: function(response) {\n                        var result = JSON.parse(response);\n                        $('#resources-posts').html(result.html);\n                        $('#resources-pagination').html(result.pagination);\n                    }\n                });\n            }\n\n            \/\/ Initial load\n            fetch_resources();\n\n            \/\/ On filter change or search\n            $('#search, #category, #tag, #sort').on('change keyup', function() {\n                fetch_resources();\n            });\n\n            \/\/ Handle pagination clicks (delegation)\n            $(document).on('click', '.resources-pagination a', function(e) {\n                e.preventDefault();\n                var page = $(this).data('page');\n                fetch_resources(page);\n            });\n\n        });\n    <\/script>\n\n    <\/div>\n\t\t\t\t\t\t<\/div>\n\t\t\t\t<\/div>\n\t\t\t\t\t<\/div>\n\t\t\t\t<\/div>\n\t\t\t\t<\/div>\n\t\t","protected":false},"excerpt":{"rendered":"<p>Informations et ressources exclusives Une biblioth\u00e8que organis\u00e9e d&rsquo;articles d&rsquo;experts, d&rsquo;\u00e9tudes de cas et de rapports sur l&rsquo;innovation sociale, l&rsquo;investissement durable et les entreprises \u00e9thiques en Afrique.<\/p>\n","protected":false},"author":2,"featured_media":0,"parent":0,"menu_order":0,"comment_status":"closed","ping_status":"closed","template":"","meta":{"site-sidebar-layout":"no-sidebar","site-content-layout":"page-builder","ast-site-content-layout":"full-width-container","site-content-style":"default","site-sidebar-style":"default","ast-global-header-display":"","ast-banner-title-visibility":"","ast-main-header-display":"","ast-hfb-above-header-display":"","ast-hfb-below-header-display":"","ast-hfb-mobile-header-display":"","site-post-title":"disabled","ast-breadcrumbs-content":"","ast-featured-img":"disabled","footer-sml-layout":"","ast-disable-related-posts":"","theme-transparent-header-meta":"","adv-header-id-meta":"","stick-header-meta":"","header-above-stick-meta":"","header-main-stick-meta":"","header-below-stick-meta":"","astra-migrate-meta-layouts":"default","ast-page-background-enabled":"default","ast-page-background-meta":{"desktop":{"background-color":"","background-image":"","background-repeat":"repeat","background-position":"center center","background-size":"auto","background-attachment":"scroll","background-type":"","background-media":"","overlay-type":"","overlay-color":"","overlay-opacity":"","overlay-gradient":""},"tablet":{"background-color":"","background-image":"","background-repeat":"repeat","background-position":"center center","background-size":"auto","background-attachment":"scroll","background-type":"","background-media":"","overlay-type":"","overlay-color":"","overlay-opacity":"","overlay-gradient":""},"mobile":{"background-color":"","background-image":"","background-repeat":"repeat","background-position":"center center","background-size":"auto","background-attachment":"scroll","background-type":"","background-media":"","overlay-type":"","overlay-color":"","overlay-opacity":"","overlay-gradient":""}},"ast-content-background-meta":{"desktop":{"background-color":"var(--ast-global-color-5)","background-image":"","background-repeat":"repeat","background-position":"center center","background-size":"auto","background-attachment":"scroll","background-type":"","background-media":"","overlay-type":"","overlay-color":"","overlay-opacity":"","overlay-gradient":""},"tablet":{"background-color":"var(--ast-global-color-5)","background-image":"","background-repeat":"repeat","background-position":"center center","background-size":"auto","background-attachment":"scroll","background-type":"","background-media":"","overlay-type":"","overlay-color":"","overlay-opacity":"","overlay-gradient":""},"mobile":{"background-color":"var(--ast-global-color-5)","background-image":"","background-repeat":"repeat","background-position":"center center","background-size":"auto","background-attachment":"scroll","background-type":"","background-media":"","overlay-type":"","overlay-color":"","overlay-opacity":"","overlay-gradient":""}},"footnotes":""},"class_list":["post-3623","page","type-page","status-publish","hentry"],"yoast_head":"<!-- This site is optimized with the Yoast SEO plugin v27.3 - https:\/\/yoast.com\/product\/yoast-seo-wordpress\/ -->\n<title>APA Africa Resources | Guides, articles, vid\u00e9os et \u00e9tudes de cas<\/title>\n<meta name=\"description\" content=\"Explorez et t\u00e9l\u00e9chargez les ressources de l&#039;APA Afrique, notamment des guides, des articles, des \u00e9tudes de cas et des vid\u00e9os sur les entreprises \u00e9thiques et l&#039;impact durable.\" \/>\n<meta name=\"robots\" content=\"index, follow, max-snippet:-1, max-image-preview:large, max-video-preview:-1\" \/>\n<link rel=\"canonical\" href=\"https:\/\/resources.theapaafrica.org\/fr\/resources\/\" \/>\n<meta property=\"og:locale\" content=\"fr_FR\" \/>\n<meta property=\"og:type\" content=\"article\" \/>\n<meta property=\"og:title\" content=\"APA Africa Resources | Guides, articles, vid\u00e9os et \u00e9tudes de cas\" \/>\n<meta property=\"og:description\" content=\"Explorez et t\u00e9l\u00e9chargez les ressources de l&#039;APA Afrique, notamment des guides, des articles, des \u00e9tudes de cas et des vid\u00e9os sur les entreprises \u00e9thiques et l&#039;impact durable.\" \/>\n<meta property=\"og:url\" content=\"https:\/\/resources.theapaafrica.org\/fr\/resources\/\" \/>\n<meta property=\"og:site_name\" content=\"Les partenaires responsables de l&#039;Afrique\" \/>\n<meta property=\"article:modified_time\" content=\"2026-03-30T10:09:01+00:00\" \/>\n<meta name=\"twitter:card\" content=\"summary_large_image\" \/>\n<script type=\"application\/ld+json\" class=\"yoast-schema-graph\">{\"@context\":\"https:\\\/\\\/schema.org\",\"@graph\":[{\"@type\":\"WebPage\",\"@id\":\"https:\\\/\\\/resources.theapaafrica.org\\\/fr\\\/resources\\\/\",\"url\":\"https:\\\/\\\/resources.theapaafrica.org\\\/fr\\\/resources\\\/\",\"name\":\"APA Africa Resources | Guides, articles, vid\u00e9os et \u00e9tudes de cas\",\"isPartOf\":{\"@id\":\"https:\\\/\\\/resources.theapaafrica.org\\\/fr\\\/#website\"},\"datePublished\":\"2025-10-14T10:16:48+00:00\",\"dateModified\":\"2026-03-30T10:09:01+00:00\",\"description\":\"Explorez et t\u00e9l\u00e9chargez les ressources de l'APA Afrique, notamment des guides, des articles, des \u00e9tudes de cas et des vid\u00e9os sur les entreprises \u00e9thiques et l'impact durable.\",\"breadcrumb\":{\"@id\":\"https:\\\/\\\/resources.theapaafrica.org\\\/fr\\\/resources\\\/#breadcrumb\"},\"inLanguage\":\"fr-FR\",\"potentialAction\":[{\"@type\":\"ReadAction\",\"target\":[\"https:\\\/\\\/resources.theapaafrica.org\\\/fr\\\/resources\\\/\"]}]},{\"@type\":\"BreadcrumbList\",\"@id\":\"https:\\\/\\\/resources.theapaafrica.org\\\/fr\\\/resources\\\/#breadcrumb\",\"itemListElement\":[{\"@type\":\"ListItem\",\"position\":1,\"name\":\"Home\",\"item\":\"https:\\\/\\\/resources.theapaafrica.org\\\/fr\\\/accueil-du-pole-numerique\\\/\"},{\"@type\":\"ListItem\",\"position\":2,\"name\":\"Ressources\"}]},{\"@type\":\"WebSite\",\"@id\":\"https:\\\/\\\/resources.theapaafrica.org\\\/fr\\\/#website\",\"url\":\"https:\\\/\\\/resources.theapaafrica.org\\\/fr\\\/\",\"name\":\"Les partenaires responsables de l'Afrique\",\"description\":\"Instaurer la confiance, la responsabilit\u00e9 et l'impact\",\"publisher\":{\"@id\":\"https:\\\/\\\/resources.theapaafrica.org\\\/fr\\\/#organization\"},\"potentialAction\":[{\"@type\":\"SearchAction\",\"target\":{\"@type\":\"EntryPoint\",\"urlTemplate\":\"https:\\\/\\\/resources.theapaafrica.org\\\/fr\\\/?s={search_term_string}\"},\"query-input\":{\"@type\":\"PropertyValueSpecification\",\"valueRequired\":true,\"valueName\":\"search_term_string\"}}],\"inLanguage\":\"fr-FR\"},{\"@type\":\"Organization\",\"@id\":\"https:\\\/\\\/resources.theapaafrica.org\\\/fr\\\/#organization\",\"name\":\"Les partenaires responsables de l'Afrique\",\"url\":\"https:\\\/\\\/resources.theapaafrica.org\\\/fr\\\/\",\"logo\":{\"@type\":\"ImageObject\",\"inLanguage\":\"fr-FR\",\"@id\":\"https:\\\/\\\/resources.theapaafrica.org\\\/fr\\\/#\\\/schema\\\/logo\\\/image\\\/\",\"url\":\"https:\\\/\\\/resources.theapaafrica.org\\\/wp-content\\\/uploads\\\/APA-logo-300x71-1.png\",\"contentUrl\":\"https:\\\/\\\/resources.theapaafrica.org\\\/wp-content\\\/uploads\\\/APA-logo-300x71-1.png\",\"width\":300,\"height\":71,\"caption\":\"Les partenaires responsables de l'Afrique\"},\"image\":{\"@id\":\"https:\\\/\\\/resources.theapaafrica.org\\\/fr\\\/#\\\/schema\\\/logo\\\/image\\\/\"}}]}<\/script>\n<!-- \/ Yoast SEO plugin. -->","yoast_head_json":{"title":"APA Africa Resources | Guides, articles, vid\u00e9os et \u00e9tudes de cas","description":"Explorez et t\u00e9l\u00e9chargez les ressources de l'APA Afrique, notamment des guides, des articles, des \u00e9tudes de cas et des vid\u00e9os sur les entreprises \u00e9thiques et l'impact durable.","robots":{"index":"index","follow":"follow","max-snippet":"max-snippet:-1","max-image-preview":"max-image-preview:large","max-video-preview":"max-video-preview:-1"},"canonical":"https:\/\/resources.theapaafrica.org\/fr\/resources\/","og_locale":"fr_FR","og_type":"article","og_title":"APA Africa Resources | Guides, articles, vid\u00e9os et \u00e9tudes de cas","og_description":"Explorez et t\u00e9l\u00e9chargez les ressources de l'APA Afrique, notamment des guides, des articles, des \u00e9tudes de cas et des vid\u00e9os sur les entreprises \u00e9thiques et l'impact durable.","og_url":"https:\/\/resources.theapaafrica.org\/fr\/resources\/","og_site_name":"Les partenaires responsables de l'Afrique","article_modified_time":"2026-03-30T10:09:01+00:00","twitter_card":"summary_large_image","schema":{"@context":"https:\/\/schema.org","@graph":[{"@type":"WebPage","@id":"https:\/\/resources.theapaafrica.org\/fr\/resources\/","url":"https:\/\/resources.theapaafrica.org\/fr\/resources\/","name":"APA Africa Resources | Guides, articles, vid\u00e9os et \u00e9tudes de cas","isPartOf":{"@id":"https:\/\/resources.theapaafrica.org\/fr\/#website"},"datePublished":"2025-10-14T10:16:48+00:00","dateModified":"2026-03-30T10:09:01+00:00","description":"Explorez et t\u00e9l\u00e9chargez les ressources de l'APA Afrique, notamment des guides, des articles, des \u00e9tudes de cas et des vid\u00e9os sur les entreprises \u00e9thiques et l'impact durable.","breadcrumb":{"@id":"https:\/\/resources.theapaafrica.org\/fr\/resources\/#breadcrumb"},"inLanguage":"fr-FR","potentialAction":[{"@type":"ReadAction","target":["https:\/\/resources.theapaafrica.org\/fr\/resources\/"]}]},{"@type":"BreadcrumbList","@id":"https:\/\/resources.theapaafrica.org\/fr\/resources\/#breadcrumb","itemListElement":[{"@type":"ListItem","position":1,"name":"Home","item":"https:\/\/resources.theapaafrica.org\/fr\/accueil-du-pole-numerique\/"},{"@type":"ListItem","position":2,"name":"Ressources"}]},{"@type":"WebSite","@id":"https:\/\/resources.theapaafrica.org\/fr\/#website","url":"https:\/\/resources.theapaafrica.org\/fr\/","name":"Les partenaires responsables de l'Afrique","description":"Instaurer la confiance, la responsabilit\u00e9 et l'impact","publisher":{"@id":"https:\/\/resources.theapaafrica.org\/fr\/#organization"},"potentialAction":[{"@type":"SearchAction","target":{"@type":"EntryPoint","urlTemplate":"https:\/\/resources.theapaafrica.org\/fr\/?s={search_term_string}"},"query-input":{"@type":"PropertyValueSpecification","valueRequired":true,"valueName":"search_term_string"}}],"inLanguage":"fr-FR"},{"@type":"Organization","@id":"https:\/\/resources.theapaafrica.org\/fr\/#organization","name":"Les partenaires responsables de l'Afrique","url":"https:\/\/resources.theapaafrica.org\/fr\/","logo":{"@type":"ImageObject","inLanguage":"fr-FR","@id":"https:\/\/resources.theapaafrica.org\/fr\/#\/schema\/logo\/image\/","url":"https:\/\/resources.theapaafrica.org\/wp-content\/uploads\/APA-logo-300x71-1.png","contentUrl":"https:\/\/resources.theapaafrica.org\/wp-content\/uploads\/APA-logo-300x71-1.png","width":300,"height":71,"caption":"Les partenaires responsables de l'Afrique"},"image":{"@id":"https:\/\/resources.theapaafrica.org\/fr\/#\/schema\/logo\/image\/"}}]}},"_links":{"self":[{"href":"https:\/\/resources.theapaafrica.org\/fr\/wp-json\/wp\/v2\/pages\/3623","targetHints":{"allow":["GET"]}}],"collection":[{"href":"https:\/\/resources.theapaafrica.org\/fr\/wp-json\/wp\/v2\/pages"}],"about":[{"href":"https:\/\/resources.theapaafrica.org\/fr\/wp-json\/wp\/v2\/types\/page"}],"author":[{"embeddable":true,"href":"https:\/\/resources.theapaafrica.org\/fr\/wp-json\/wp\/v2\/users\/2"}],"replies":[{"embeddable":true,"href":"https:\/\/resources.theapaafrica.org\/fr\/wp-json\/wp\/v2\/comments?post=3623"}],"version-history":[{"count":21,"href":"https:\/\/resources.theapaafrica.org\/fr\/wp-json\/wp\/v2\/pages\/3623\/revisions"}],"predecessor-version":[{"id":5066,"href":"https:\/\/resources.theapaafrica.org\/fr\/wp-json\/wp\/v2\/pages\/3623\/revisions\/5066"}],"wp:attachment":[{"href":"https:\/\/resources.theapaafrica.org\/fr\/wp-json\/wp\/v2\/media?parent=3623"}],"curies":[{"name":"wp","href":"https:\/\/api.w.org\/{rel}","templated":true}]}}